{"id":10,"date":"2020-12-29T13:25:07","date_gmt":"2020-12-29T13:25:07","guid":{"rendered":"http:\/\/www.portorium.net\/ead\/?page_id=10"},"modified":"2021-06-10T18:13:21","modified_gmt":"2021-06-10T18:13:21","slug":"home","status":"publish","type":"page","link":"https:\/\/portorium.net\/ead\/","title":{"rendered":"Home"},"content":{"rendered":"\t\t<div data-elementor-type=\"wp-page\" data-elementor-id=\"10\" class=\"elementor elementor-10\" data-elementor-post-type=\"page\">\n\t\t\t\t\t\t<section class=\"elementor-section elementor-top-section elementor-element elementor-element-77b1d93 elementor-section-full_width elementor-section-height-default elementor-section-height-default\" data-id=\"77b1d93\" data-element_type=\"section\" data-e-type=\"section\">\n\t\t\t\t\t\t<div class=\"elementor-container elementor-column-gap-no\">\n\t\t\t\t\t<div class=\"elementor-column elementor-col-100 elementor-top-column elementor-element elementor-element-0436e47\" data-id=\"0436e47\" data-element_type=\"column\" data-e-type=\"column\">\n\t\t\t<div class=\"elementor-widget-wrap elementor-element-populated\">\n\t\t\t\t\t\t<div class=\"elementor-element elementor-element-725d972 elementor-widget elementor-widget-image\" data-id=\"725d972\" data-element_type=\"widget\" data-e-type=\"widget\" data-widget_type=\"image.default\">\n\t\t\t\t<div class=\"elementor-widget-container\">\n\t\t\t\t\t\t\t\t\t\t\t\t\t\t\t<img fetchpriority=\"high\" decoding=\"async\" width=\"1280\" height=\"640\" src=\"https:\/\/portorium.net\/ead\/wp-content\/uploads\/2021\/06\/WhatsApp-Image-2021-06-10-at-15.11.22.jpeg\" class=\"attachment-full size-full wp-image-1950\" alt=\"\" srcset=\"https:\/\/portorium.net\/ead\/wp-content\/uploads\/2021\/06\/WhatsApp-Image-2021-06-10-at-15.11.22.jpeg 1280w, https:\/\/portorium.net\/ead\/wp-content\/uploads\/2021\/06\/WhatsApp-Image-2021-06-10-at-15.11.22-300x150.jpeg 300w, https:\/\/portorium.net\/ead\/wp-content\/uploads\/2021\/06\/WhatsApp-Image-2021-06-10-at-15.11.22-1024x512.jpeg 1024w, https:\/\/portorium.net\/ead\/wp-content\/uploads\/2021\/06\/WhatsApp-Image-2021-06-10-at-15.11.22-768x384.jpeg 768w\" sizes=\"(max-width: 1280px) 100vw, 1280px\" \/>\t\t\t\t\t\t\t\t\t\t\t\t\t\t\t<\/div>\n\t\t\t\t<\/div>\n\t\t\t\t\t<\/div>\n\t\t<\/div>\n\t\t\t\t\t<\/div>\n\t\t<\/section>\n\t\t\t\t<section class=\"elementor-section elementor-top-section elementor-element elementor-element-d8e084b elementor-section-boxed elementor-section-height-default elementor-section-height-default\" data-id=\"d8e084b\" data-element_type=\"section\" data-e-type=\"section\" data-settings=\"{&quot;background_background&quot;:&quot;classic&quot;}\">\n\t\t\t\t\t\t<div class=\"elementor-container elementor-column-gap-default\">\n\t\t\t\t\t<div class=\"elementor-column elementor-col-100 elementor-top-column elementor-element elementor-element-167bbb6\" data-id=\"167bbb6\" data-element_type=\"column\" data-e-type=\"column\">\n\t\t\t<div class=\"elementor-widget-wrap elementor-element-populated\">\n\t\t\t\t\t\t<div class=\"elementor-element elementor-element-28539ca elementor-icon-list--layout-traditional elementor-list-item-link-full_width elementor-widget elementor-widget-icon-list\" data-id=\"28539ca\" data-element_type=\"widget\" data-e-type=\"widget\" data-widget_type=\"icon-list.default\">\n\t\t\t\t<div class=\"elementor-widget-container\">\n\t\t\t\t\t\t\t<ul class=\"elementor-icon-list-items\">\n\t\t\t\t\t\t\t<li class=\"elementor-icon-list-item\">\n\t\t\t\t\t\t\t\t\t\t\t<span class=\"elementor-icon-list-icon\">\n\t\t\t\t\t\t\t<i aria-hidden=\"true\" class=\"fas fa-book\"><\/i>\t\t\t\t\t\t<\/span>\n\t\t\t\t\t\t\t\t\t\t<span class=\"elementor-icon-list-text\">NOSSOS CURSOS<\/span>\n\t\t\t\t\t\t\t\t\t<\/li>\n\t\t\t\t\t\t<\/ul>\n\t\t\t\t\t\t<\/div>\n\t\t\t\t<\/div>\n\t\t\t\t<section class=\"elementor-section elementor-inner-section elementor-element elementor-element-50c91e1 elementor-section-boxed elementor-section-height-default elementor-section-height-default\" data-id=\"50c91e1\" data-element_type=\"section\" data-e-type=\"section\">\n\t\t\t\t\t\t<div class=\"elementor-container elementor-column-gap-default\">\n\t\t\t\t\t<div class=\"elementor-column elementor-col-100 elementor-inner-column elementor-element elementor-element-120677c\" data-id=\"120677c\" data-element_type=\"column\" data-e-type=\"column\">\n\t\t\t<div class=\"elementor-widget-wrap elementor-element-populated\">\n\t\t\t\t\t\t<div class=\"elementor-element elementor-element-08dcf06 elementor-grid-3 elementor-grid-tablet-2 elementor-grid-mobile-1 elementor-posts--thumbnail-top elementor-widget elementor-widget-posts\" data-id=\"08dcf06\" data-element_type=\"widget\" data-e-type=\"widget\" data-settings=\"{&quot;classic_columns&quot;:&quot;3&quot;,&quot;classic_columns_tablet&quot;:&quot;2&quot;,&quot;classic_columns_mobile&quot;:&quot;1&quot;,&quot;classic_row_gap&quot;:{&quot;unit&quot;:&quot;px&quot;,&quot;size&quot;:35,&quot;sizes&quot;:[]},&quot;classic_row_gap_tablet&quot;:{&quot;unit&quot;:&quot;px&quot;,&quot;size&quot;:&quot;&quot;,&quot;sizes&quot;:[]},&quot;classic_row_gap_mobile&quot;:{&quot;unit&quot;:&quot;px&quot;,&quot;size&quot;:&quot;&quot;,&quot;sizes&quot;:[]}}\" data-widget_type=\"posts.classic\">\n\t\t\t\t<div class=\"elementor-widget-container\">\n\t\t\t\t\t\t\t<div class=\"elementor-posts-container elementor-posts elementor-posts--skin-classic elementor-grid\" role=\"list\">\n\t\t\t\t<article class=\"elementor-post elementor-grid-item post-631 sfwd-courses type-sfwd-courses status-publish has-post-thumbnail hentry category-home\" role=\"listitem\">\n\t\t\t\t<a class=\"elementor-post__thumbnail__link\" href=\"https:\/\/portorium.net\/ead\/courses\/oea-seguranca\/\" tabindex=\"-1\" >\n\t\t\t<div class=\"elementor-post__thumbnail\"><img decoding=\"async\" width=\"300\" height=\"200\" src=\"https:\/\/portorium.net\/ead\/wp-content\/uploads\/2021\/02\/Estudio58_0030-1030x686-1-300x200.jpg\" class=\"attachment-medium size-medium wp-image-640\" alt=\"\" srcset=\"https:\/\/portorium.net\/ead\/wp-content\/uploads\/2021\/02\/Estudio58_0030-1030x686-1-300x200.jpg 300w, https:\/\/portorium.net\/ead\/wp-content\/uploads\/2021\/02\/Estudio58_0030-1030x686-1-1024x682.jpg 1024w, https:\/\/portorium.net\/ead\/wp-content\/uploads\/2021\/02\/Estudio58_0030-1030x686-1-768x512.jpg 768w, https:\/\/portorium.net\/ead\/wp-content\/uploads\/2021\/02\/Estudio58_0030-1030x686-1.jpg 1030w\" sizes=\"(max-width: 300px) 100vw, 300px\" \/><\/div>\n\t\t<\/a>\n\t\t\t\t<div class=\"elementor-post__text\">\n\t\t\t\t<h3 class=\"elementor-post__title\">\n\t\t\t<a href=\"https:\/\/portorium.net\/ead\/courses\/oea-seguranca\/\" >\n\t\t\t\tOEA Seguran\u00e7a\t\t\t<\/a>\n\t\t<\/h3>\n\t\t\t\t<div class=\"elementor-post__excerpt\">\n\t\t\t<p>Este curso \u00e9 aplic\u00e1vel para: exportadores, transportadores, agente de cargas, deposit\u00e1rio de mercadoria em recinto alfandegado, operador portu\u00e1rio e aeroportu\u00e1rio e REDEX. Essa \u00e9 a melhor oportunidade para sua empresa se tornar um Operador Econ\u00f4mico Autorizado obtendo sua certifica\u00e7\u00e3o OEA modalidade Seguran\u00e7a, com nosso Pacote Completo de aulas, com professores especialistas no tema, e amplo material did\u00e1tico. Quer se certificar tamb\u00e9m como um auditor interno OEA? Comece agora!<\/p>\n\t\t<\/div>\n\t\t\n\t\t<a class=\"elementor-post__read-more\" href=\"https:\/\/portorium.net\/ead\/courses\/oea-seguranca\/\" aria-label=\"Leia mais sobre OEA Seguran\u00e7a\" tabindex=\"-1\" >\n\t\t\tINICIAR CURSO \u00bb\t\t<\/a>\n\n\t\t\t\t<\/div>\n\t\t\t\t<\/article>\n\t\t\t\t<article class=\"elementor-post elementor-grid-item post-278 sfwd-courses type-sfwd-courses status-publish has-post-thumbnail hentry category-home\" role=\"listitem\">\n\t\t\t\t<a class=\"elementor-post__thumbnail__link\" href=\"https:\/\/portorium.net\/ead\/courses\/oea-conformidade\/\" tabindex=\"-1\" >\n\t\t\t<div class=\"elementor-post__thumbnail\"><img decoding=\"async\" width=\"300\" height=\"157\" src=\"https:\/\/portorium.net\/ead\/wp-content\/uploads\/2021\/02\/cursos-ead-300x157.jpg\" class=\"attachment-medium size-medium wp-image-633\" alt=\"\" srcset=\"https:\/\/portorium.net\/ead\/wp-content\/uploads\/2021\/02\/cursos-ead-300x157.jpg 300w, https:\/\/portorium.net\/ead\/wp-content\/uploads\/2021\/02\/cursos-ead-1024x536.jpg 1024w, https:\/\/portorium.net\/ead\/wp-content\/uploads\/2021\/02\/cursos-ead-768x402.jpg 768w, https:\/\/portorium.net\/ead\/wp-content\/uploads\/2021\/02\/cursos-ead.jpg 1200w\" sizes=\"(max-width: 300px) 100vw, 300px\" \/><\/div>\n\t\t<\/a>\n\t\t\t\t<div class=\"elementor-post__text\">\n\t\t\t\t<h3 class=\"elementor-post__title\">\n\t\t\t<a href=\"https:\/\/portorium.net\/ead\/courses\/oea-conformidade\/\" >\n\t\t\t\tOEA Conformidade\t\t\t<\/a>\n\t\t<\/h3>\n\t\t\t\t<div class=\"elementor-post__excerpt\">\n\t\t\t<p>Este curso \u00e9 aplic\u00e1vel para: importadores &#8211; Essa \u00e9 a melhor oportunidade para sua empresa se tornar mais um dos Operadores Econ\u00f4micos Autorizados, obtendo sua certifica\u00e7\u00e3o OEA modalidade Conformidade, por meio de nosso Pacote Completo de aulas, com professores altamente qualificados e especialistas no tema, al\u00e9m de amplo material did\u00e1tico. Quer se certificar tamb\u00e9m como um auditor interno OEA? Comece agora!<\/p>\n\t\t<\/div>\n\t\t\n\t\t<a class=\"elementor-post__read-more\" href=\"https:\/\/portorium.net\/ead\/courses\/oea-conformidade\/\" aria-label=\"Leia mais sobre OEA Conformidade\" tabindex=\"-1\" >\n\t\t\tINICIAR CURSO \u00bb\t\t<\/a>\n\n\t\t\t\t<\/div>\n\t\t\t\t<\/article>\n\t\t\t\t<article class=\"elementor-post elementor-grid-item post-232 sfwd-courses type-sfwd-courses status-publish has-post-thumbnail hentry category-home\" role=\"listitem\">\n\t\t\t\t<a class=\"elementor-post__thumbnail__link\" href=\"https:\/\/portorium.net\/ead\/courses\/gestao-de-riscos\/\" tabindex=\"-1\" >\n\t\t\t<div class=\"elementor-post__thumbnail\"><img loading=\"lazy\" decoding=\"async\" width=\"300\" height=\"200\" src=\"https:\/\/portorium.net\/ead\/wp-content\/uploads\/2021\/02\/aer-oea-300x200.jpg\" class=\"attachment-medium size-medium wp-image-641\" alt=\"\" srcset=\"https:\/\/portorium.net\/ead\/wp-content\/uploads\/2021\/02\/aer-oea-300x200.jpg 300w, https:\/\/portorium.net\/ead\/wp-content\/uploads\/2021\/02\/aer-oea-1024x683.jpg 1024w, https:\/\/portorium.net\/ead\/wp-content\/uploads\/2021\/02\/aer-oea-768x512.jpg 768w, https:\/\/portorium.net\/ead\/wp-content\/uploads\/2021\/02\/aer-oea-1536x1024.jpg 1536w, https:\/\/portorium.net\/ead\/wp-content\/uploads\/2021\/02\/aer-oea.jpg 1920w\" sizes=\"(max-width: 300px) 100vw, 300px\" \/><\/div>\n\t\t<\/a>\n\t\t\t\t<div class=\"elementor-post__text\">\n\t\t\t\t<h3 class=\"elementor-post__title\">\n\t\t\t<a href=\"https:\/\/portorium.net\/ead\/courses\/gestao-de-riscos\/\" >\n\t\t\t\tGest\u00e3o de riscos\t\t\t<\/a>\n\t\t<\/h3>\n\t\t\t\t<div class=\"elementor-post__excerpt\">\n\t\t\t<p>Gerenciamento de riscos aduaneiros pode ser definido como um conjunto de a\u00e7\u00f5es destinadas a identificar, analisar, avaliar, priorizar, tratar e monitorar eventos capazes de afetar os objetivos relacionados com os crit\u00e9rios espec\u00edficos do Programa OEA.<\/p>\n\t\t<\/div>\n\t\t\n\t\t<a class=\"elementor-post__read-more\" href=\"https:\/\/portorium.net\/ead\/courses\/gestao-de-riscos\/\" aria-label=\"Leia mais sobre Gest\u00e3o de riscos\" tabindex=\"-1\" >\n\t\t\tINICIAR CURSO \u00bb\t\t<\/a>\n\n\t\t\t\t<\/div>\n\t\t\t\t<\/article>\n\t\t\t\t<\/div>\n\t\t\n\t\t\t\t\t\t<\/div>\n\t\t\t\t<\/div>\n\t\t\t\t\t<\/div>\n\t\t<\/div>\n\t\t\t\t\t<\/div>\n\t\t<\/section>\n\t\t\t\t\t<\/div>\n\t\t<\/div>\n\t\t\t\t\t<\/div>\n\t\t<\/section>\n\t\t\t\t<section class=\"elementor-section elementor-top-section elementor-element elementor-element-e03149c elementor-section-boxed elementor-section-height-default elementor-section-height-default\" data-id=\"e03149c\" data-element_type=\"section\" data-e-type=\"section\" data-settings=\"{&quot;background_background&quot;:&quot;classic&quot;}\">\n\t\t\t\t\t\t\t<div class=\"elementor-background-overlay\"><\/div>\n\t\t\t\t\t\t\t<div class=\"elementor-container elementor-column-gap-default\">\n\t\t\t\t\t<div class=\"elementor-column elementor-col-100 elementor-top-column elementor-element elementor-element-02befc4\" data-id=\"02befc4\" data-element_type=\"column\" data-e-type=\"column\">\n\t\t\t<div class=\"elementor-widget-wrap elementor-element-populated\">\n\t\t\t\t\t\t<div class=\"elementor-element elementor-element-0b21e03 elementor-icon-list--layout-traditional elementor-list-item-link-full_width elementor-widget elementor-widget-icon-list\" data-id=\"0b21e03\" data-element_type=\"widget\" data-e-type=\"widget\" data-widget_type=\"icon-list.default\">\n\t\t\t\t<div class=\"elementor-widget-container\">\n\t\t\t\t\t\t\t<ul class=\"elementor-icon-list-items\">\n\t\t\t\t\t\t\t<li class=\"elementor-icon-list-item\">\n\t\t\t\t\t\t\t\t\t\t\t<span class=\"elementor-icon-list-icon\">\n\t\t\t\t\t\t\t<i aria-hidden=\"true\" class=\"fas fa-graduation-cap\"><\/i>\t\t\t\t\t\t<\/span>\n\t\t\t\t\t\t\t\t\t\t<span class=\"elementor-icon-list-text\">PROFESSORES<\/span>\n\t\t\t\t\t\t\t\t\t<\/li>\n\t\t\t\t\t\t<\/ul>\n\t\t\t\t\t\t<\/div>\n\t\t\t\t<\/div>\n\t\t\t\t<section class=\"elementor-section elementor-inner-section elementor-element elementor-element-ecd0819 elementor-section-boxed elementor-section-height-default elementor-section-height-default\" data-id=\"ecd0819\" data-element_type=\"section\" data-e-type=\"section\">\n\t\t\t\t\t\t<div class=\"elementor-container elementor-column-gap-default\">\n\t\t\t\t\t<div class=\"elementor-column elementor-col-33 elementor-inner-column elementor-element elementor-element-60b475c\" data-id=\"60b475c\" data-element_type=\"column\" data-e-type=\"column\">\n\t\t\t<div class=\"elementor-widget-wrap elementor-element-populated\">\n\t\t\t\t\t\t<div class=\"elementor-element elementor-element-b4bf8ec elementor-widget elementor-widget-image\" data-id=\"b4bf8ec\" data-element_type=\"widget\" data-e-type=\"widget\" data-widget_type=\"image.default\">\n\t\t\t\t<div class=\"elementor-widget-container\">\n\t\t\t\t\t\t\t\t\t\t\t\t\t\t\t<img decoding=\"async\" src=\"https:\/\/portorium.net\/ead\/wp-content\/uploads\/elementor\/thumbs\/9A8D654B-E4BC-4A5F-ACB3-A1325205441A-p0lbj6axz8m15u75vjn6jr5mzcsefmyewpym7zaf2o.jpeg\" title=\"9A8D654B-E4BC-4A5F-ACB3-A1325205441A\" alt=\"9A8D654B-E4BC-4A5F-ACB3-A1325205441A\" loading=\"lazy\" \/>\t\t\t\t\t\t\t\t\t\t\t\t\t\t\t<\/div>\n\t\t\t\t<\/div>\n\t\t\t\t<div class=\"elementor-element elementor-element-b69e8d4 elementor-widget elementor-widget-text-editor\" data-id=\"b69e8d4\" data-element_type=\"widget\" data-e-type=\"widget\" data-widget_type=\"text-editor.default\">\n\t\t\t\t<div class=\"elementor-widget-container\">\n\t\t\t\t\t\t\t\t\t<p>Walter Thomaz<\/p>\t\t\t\t\t\t\t\t<\/div>\n\t\t\t\t<\/div>\n\t\t\t\t<div class=\"elementor-element elementor-element-6ecd55f elementor-shape-circle elementor-grid-0 e-grid-align-center elementor-widget elementor-widget-social-icons\" data-id=\"6ecd55f\" data-element_type=\"widget\" data-e-type=\"widget\" data-widget_type=\"social-icons.default\">\n\t\t\t\t<div class=\"elementor-widget-container\">\n\t\t\t\t\t\t\t<div class=\"elementor-social-icons-wrapper elementor-grid\" role=\"list\">\n\t\t\t\t\t\t\t<span class=\"elementor-grid-item\" role=\"listitem\">\n\t\t\t\t\t<a class=\"elementor-icon elementor-social-icon elementor-social-icon-linkedin elementor-repeater-item-f22f8c3\" href=\"https:\/\/www.linkedin.com\/in\/walter-thomaz-19a42914\/\" target=\"_blank\">\n\t\t\t\t\t\t<span class=\"elementor-screen-only\">Linkedin<\/span>\n\t\t\t\t\t\t<i aria-hidden=\"true\" class=\"fab fa-linkedin\"><\/i>\t\t\t\t\t<\/a>\n\t\t\t\t<\/span>\n\t\t\t\t\t\t\t<span class=\"elementor-grid-item\" role=\"listitem\">\n\t\t\t\t\t<a class=\"elementor-icon elementor-social-icon elementor-social-icon-newspaper elementor-repeater-item-eb2595d\" href=\"https:\/\/portorium.net\/staff-member\/walter-thomaz-jr\/\" target=\"_blank\">\n\t\t\t\t\t\t<span class=\"elementor-screen-only\">Newspaper<\/span>\n\t\t\t\t\t\t<i aria-hidden=\"true\" class=\"fas fa-newspaper\"><\/i>\t\t\t\t\t<\/a>\n\t\t\t\t<\/span>\n\t\t\t\t\t\t\t<span class=\"elementor-grid-item\" role=\"listitem\">\n\t\t\t\t\t<a class=\"elementor-icon elementor-social-icon elementor-social-icon-instagram elementor-repeater-item-053f567\" href=\"https:\/\/portorium.net\/staff-member\/walter-thomaz-jr\/\" target=\"_blank\">\n\t\t\t\t\t\t<span class=\"elementor-screen-only\">Instagram<\/span>\n\t\t\t\t\t\t<i aria-hidden=\"true\" class=\"fab fa-instagram\"><\/i>\t\t\t\t\t<\/a>\n\t\t\t\t<\/span>\n\t\t\t\t\t<\/div>\n\t\t\t\t\t\t<\/div>\n\t\t\t\t<\/div>\n\t\t\t\t\t<\/div>\n\t\t<\/div>\n\t\t\t\t<div class=\"elementor-column elementor-col-33 elementor-inner-column elementor-element elementor-element-57a3d49\" data-id=\"57a3d49\" data-element_type=\"column\" data-e-type=\"column\">\n\t\t\t<div class=\"elementor-widget-wrap elementor-element-populated\">\n\t\t\t\t\t\t<div class=\"elementor-element elementor-element-2fcb4ac elementor-widget elementor-widget-image\" data-id=\"2fcb4ac\" data-element_type=\"widget\" data-e-type=\"widget\" data-widget_type=\"image.default\">\n\t\t\t\t<div class=\"elementor-widget-container\">\n\t\t\t\t\t\t\t\t\t\t\t\t\t\t\t<img decoding=\"async\" src=\"https:\/\/portorium.net\/ead\/wp-content\/uploads\/elementor\/thumbs\/41B2DE24-3487-4279-B8FB-266F7954D2F6-p0lbj78s62nbhg5sq21t48x3kqnrnc258um3p990wg.jpeg\" title=\"41B2DE24-3487-4279-B8FB-266F7954D2F6\" alt=\"41B2DE24-3487-4279-B8FB-266F7954D2F6\" loading=\"lazy\" \/>\t\t\t\t\t\t\t\t\t\t\t\t\t\t\t<\/div>\n\t\t\t\t<\/div>\n\t\t\t\t<div class=\"elementor-element elementor-element-971f274 elementor-widget elementor-widget-text-editor\" data-id=\"971f274\" data-element_type=\"widget\" data-e-type=\"widget\" data-widget_type=\"text-editor.default\">\n\t\t\t\t<div class=\"elementor-widget-container\">\n\t\t\t\t\t\t\t\t\t<p>Marina Castro Thomaz<\/p>\t\t\t\t\t\t\t\t<\/div>\n\t\t\t\t<\/div>\n\t\t\t\t<div class=\"elementor-element elementor-element-5e4bf78 elementor-shape-circle elementor-grid-0 e-grid-align-center elementor-widget elementor-widget-social-icons\" data-id=\"5e4bf78\" data-element_type=\"widget\" data-e-type=\"widget\" data-widget_type=\"social-icons.default\">\n\t\t\t\t<div class=\"elementor-widget-container\">\n\t\t\t\t\t\t\t<div class=\"elementor-social-icons-wrapper elementor-grid\" role=\"list\">\n\t\t\t\t\t\t\t<span class=\"elementor-grid-item\" role=\"listitem\">\n\t\t\t\t\t<a class=\"elementor-icon elementor-social-icon elementor-social-icon-linkedin elementor-repeater-item-f22f8c3\" href=\"https:\/\/www.linkedin.com\/in\/marina-castro-thomaz-a96050198\/\" target=\"_blank\">\n\t\t\t\t\t\t<span class=\"elementor-screen-only\">Linkedin<\/span>\n\t\t\t\t\t\t<i aria-hidden=\"true\" class=\"fab fa-linkedin\"><\/i>\t\t\t\t\t<\/a>\n\t\t\t\t<\/span>\n\t\t\t\t\t\t\t<span class=\"elementor-grid-item\" role=\"listitem\">\n\t\t\t\t\t<a class=\"elementor-icon elementor-social-icon elementor-social-icon-newspaper elementor-repeater-item-eb2595d\" href=\"https:\/\/portorium.net\/staff-member\/dra-marina-castro-thomaz\/\" target=\"_blank\">\n\t\t\t\t\t\t<span class=\"elementor-screen-only\">Newspaper<\/span>\n\t\t\t\t\t\t<i aria-hidden=\"true\" class=\"fas fa-newspaper\"><\/i>\t\t\t\t\t<\/a>\n\t\t\t\t<\/span>\n\t\t\t\t\t\t\t<span class=\"elementor-grid-item\" role=\"listitem\">\n\t\t\t\t\t<a class=\"elementor-icon elementor-social-icon elementor-social-icon-instagram elementor-repeater-item-053f567\" href=\"https:\/\/www.instagram.com\/portoriumconsultoria\/?hl=pt-br\" target=\"_blank\">\n\t\t\t\t\t\t<span class=\"elementor-screen-only\">Instagram<\/span>\n\t\t\t\t\t\t<i aria-hidden=\"true\" class=\"fab fa-instagram\"><\/i>\t\t\t\t\t<\/a>\n\t\t\t\t<\/span>\n\t\t\t\t\t<\/div>\n\t\t\t\t\t\t<\/div>\n\t\t\t\t<\/div>\n\t\t\t\t\t<\/div>\n\t\t<\/div>\n\t\t\t\t<div class=\"elementor-column elementor-col-33 elementor-inner-column elementor-element elementor-element-384c825\" data-id=\"384c825\" data-element_type=\"column\" data-e-type=\"column\">\n\t\t\t<div class=\"elementor-widget-wrap elementor-element-populated\">\n\t\t\t\t\t\t<div class=\"elementor-element elementor-element-b74db22 elementor-widget elementor-widget-image\" data-id=\"b74db22\" data-element_type=\"widget\" data-e-type=\"widget\" data-widget_type=\"image.default\">\n\t\t\t\t<div class=\"elementor-widget-container\">\n\t\t\t\t\t\t\t\t\t\t\t\t\t\t\t<img decoding=\"async\" src=\"https:\/\/portorium.net\/ead\/wp-content\/uploads\/elementor\/thumbs\/A662C2B6-B718-4838-B7C5-D01DE927229B-p0lbj4f9lkjgim9w6itxermpsl1o08qy8gnn9fd7f4.jpeg\" title=\"A662C2B6-B718-4838-B7C5-D01DE927229B\" alt=\"A662C2B6-B718-4838-B7C5-D01DE927229B\" loading=\"lazy\" \/>\t\t\t\t\t\t\t\t\t\t\t\t\t\t\t<\/div>\n\t\t\t\t<\/div>\n\t\t\t\t<div class=\"elementor-element elementor-element-ab89ca2 elementor-widget elementor-widget-text-editor\" data-id=\"ab89ca2\" data-element_type=\"widget\" data-e-type=\"widget\" data-widget_type=\"text-editor.default\">\n\t\t\t\t<div class=\"elementor-widget-container\">\n\t\t\t\t\t\t\t\t\t<p>Marcos Andrade<\/p>\t\t\t\t\t\t\t\t<\/div>\n\t\t\t\t<\/div>\n\t\t\t\t<div class=\"elementor-element elementor-element-9c5d3c7 elementor-shape-circle elementor-grid-0 e-grid-align-center elementor-widget elementor-widget-social-icons\" data-id=\"9c5d3c7\" data-element_type=\"widget\" data-e-type=\"widget\" data-widget_type=\"social-icons.default\">\n\t\t\t\t<div class=\"elementor-widget-container\">\n\t\t\t\t\t\t\t<div class=\"elementor-social-icons-wrapper elementor-grid\" role=\"list\">\n\t\t\t\t\t\t\t<span class=\"elementor-grid-item\" role=\"listitem\">\n\t\t\t\t\t<a class=\"elementor-icon elementor-social-icon elementor-social-icon-linkedin elementor-repeater-item-f22f8c3\" href=\"https:\/\/www.linkedin.com\/in\/marcos-econ-mackenzie-43560ba3\/\" target=\"_blank\">\n\t\t\t\t\t\t<span class=\"elementor-screen-only\">Linkedin<\/span>\n\t\t\t\t\t\t<i aria-hidden=\"true\" class=\"fab fa-linkedin\"><\/i>\t\t\t\t\t<\/a>\n\t\t\t\t<\/span>\n\t\t\t\t\t\t\t<span class=\"elementor-grid-item\" role=\"listitem\">\n\t\t\t\t\t<a class=\"elementor-icon elementor-social-icon elementor-social-icon-newspaper elementor-repeater-item-eb2595d\" href=\"https:\/\/portorium.net\/staff-member\/marcos-antonio-de-andrade\/\" target=\"_blank\">\n\t\t\t\t\t\t<span class=\"elementor-screen-only\">Newspaper<\/span>\n\t\t\t\t\t\t<i aria-hidden=\"true\" class=\"fas fa-newspaper\"><\/i>\t\t\t\t\t<\/a>\n\t\t\t\t<\/span>\n\t\t\t\t\t\t\t<span class=\"elementor-grid-item\" role=\"listitem\">\n\t\t\t\t\t<a class=\"elementor-icon elementor-social-icon elementor-social-icon-instagram elementor-repeater-item-053f567\" href=\"https:\/\/www.instagram.com\/portoriumconsultoria\/?hl=pt-br\" target=\"_blank\">\n\t\t\t\t\t\t<span class=\"elementor-screen-only\">Instagram<\/span>\n\t\t\t\t\t\t<i aria-hidden=\"true\" class=\"fab fa-instagram\"><\/i>\t\t\t\t\t<\/a>\n\t\t\t\t<\/span>\n\t\t\t\t\t<\/div>\n\t\t\t\t\t\t<\/div>\n\t\t\t\t<\/div>\n\t\t\t\t\t<\/div>\n\t\t<\/div>\n\t\t\t\t\t<\/div>\n\t\t<\/section>\n\t\t\t\t\t<\/div>\n\t\t<\/div>\n\t\t\t\t\t<\/div>\n\t\t<\/section>\n\t\t\t\t<section class=\"elementor-section elementor-top-section elementor-element elementor-element-a1f9a22 elementor-section-boxed elementor-section-height-default elementor-section-height-default\" data-id=\"a1f9a22\" data-element_type=\"section\" data-e-type=\"section\">\n\t\t\t\t\t\t<div class=\"elementor-container elementor-column-gap-default\">\n\t\t\t\t\t<div class=\"elementor-column elementor-col-100 elementor-top-column elementor-element elementor-element-219a902\" data-id=\"219a902\" data-element_type=\"column\" data-e-type=\"column\">\n\t\t\t<div class=\"elementor-widget-wrap\">\n\t\t\t\t\t\t\t<\/div>\n\t\t<\/div>\n\t\t\t\t\t<\/div>\n\t\t<\/section>\n\t\t\t\t<\/div>\n\t\t","protected":false},"excerpt":{"rendered":"<p>NOSSOS CURSOS PROFESSORES Walter Thomaz Linkedin Newspaper Instagram Marina Castro Thomaz Linkedin Newspaper Instagram Marcos Andrade Linkedin Newspaper Instagram<\/p>\n","protected":false},"author":1,"featured_media":0,"parent":0,"menu_order":0,"comment_status":"closed","ping_status":"closed","template":"","meta":{"_acf_changed":false,"footnotes":""},"class_list":["post-10","page","type-page","status-publish","hentry"],"acf":[],"_links":{"self":[{"href":"https:\/\/portorium.net\/ead\/wp-json\/wp\/v2\/pages\/10","targetHints":{"allow":["GET"]}}],"collection":[{"href":"https:\/\/portorium.net\/ead\/wp-json\/wp\/v2\/pages"}],"about":[{"href":"https:\/\/portorium.net\/ead\/wp-json\/wp\/v2\/types\/page"}],"author":[{"embeddable":true,"href":"https:\/\/portorium.net\/ead\/wp-json\/wp\/v2\/users\/1"}],"replies":[{"embeddable":true,"href":"https:\/\/portorium.net\/ead\/wp-json\/wp\/v2\/comments?post=10"}],"version-history":[{"count":0,"href":"https:\/\/portorium.net\/ead\/wp-json\/wp\/v2\/pages\/10\/revisions"}],"wp:attachment":[{"href":"https:\/\/portorium.net\/ead\/wp-json\/wp\/v2\/media?parent=10"}],"curies":[{"name":"wp","href":"https:\/\/api.w.org\/{rel}","templated":true}]}}